{"id":4560,"date":"2026-01-04T20:34:39","date_gmt":"2026-01-04T20:34:39","guid":{"rendered":"https:\/\/cmbs.androfork.com\/sectores\/"},"modified":"2026-04-07T16:00:25","modified_gmt":"2026-04-07T16:00:25","slug":"sectores","status":"publish","type":"page","link":"https:\/\/cmbs-partners.com\/es\/sectores\/","title":{"rendered":"Sectores"},"content":{"rendered":"\t\t<div data-elementor-type=\"wp-post\" data-elementor-id=\"4560\" class=\"elementor elementor-4560 elementor-402\" data-elementor-post-type=\"page\">\n\t\t\t\t<div class=\"elementor-element elementor-element-26e0faa e-flex e-con-boxed e-con e-parent\" data-id=\"26e0faa\" data-element_type=\"container\" data-e-type=\"container\" data-settings=\"{&quot;background_background&quot;:&quot;classic&quot;}\">\n\t\t\t\t\t<div class=\"e-con-inner\">\n\t\t\t\t<div class=\"elementor-element elementor-element-11ec2f3 elementor-invisible elementor-widget elementor-widget-heading\" data-id=\"11ec2f3\" data-element_type=\"widget\" data-e-type=\"widget\" data-settings=\"{&quot;_animation&quot;:&quot;fadeInUp&quot;}\" data-widget_type=\"heading.default\">\n\t\t\t\t\t<h2 class=\"elementor-heading-title elementor-size-default\">Sectores<\/h2>\t\t\t\t<\/div>\n\t\t\t\t\t<\/div>\n\t\t\t\t<\/div>\n\t\t<div class=\"elementor-element elementor-element-ee9aa70 e-con-full e-flex e-con e-parent\" data-id=\"ee9aa70\" data-element_type=\"container\" data-e-type=\"container\">\n\t\t<div class=\"elementor-element elementor-element-1081e28 e-con-full e-flex e-con e-child\" data-id=\"1081e28\" data-element_type=\"container\" data-e-type=\"container\" data-settings=\"{&quot;background_background&quot;:&quot;classic&quot;}\">\n\t\t\t\t<div class=\"elementor-element elementor-element-7e112de elementor-widget elementor-widget-image\" data-id=\"7e112de\" data-element_type=\"widget\" data-e-type=\"widget\" data-widget_type=\"image.default\">\n\t\t\t\t\t\t\t\t\t\t\t\t\t\t\t<img fetchpriority=\"high\" decoding=\"async\" width=\"800\" height=\"341\" src=\"https:\/\/cmbs-partners.com\/wp-content\/uploads\/2026\/01\/technology-and-innovation-695c0c8a2acc1.webp\" class=\"attachment-large size-large wp-image-4206\" alt=\"\" srcset=\"https:\/\/cmbs-partners.com\/wp-content\/uploads\/2026\/01\/technology-and-innovation-695c0c8a2acc1.webp 1000w, https:\/\/cmbs-partners.com\/wp-content\/uploads\/2026\/01\/technology-and-innovation-695c0c8a2acc1-300x128.webp 300w, https:\/\/cmbs-partners.com\/wp-content\/uploads\/2026\/01\/technology-and-innovation-695c0c8a2acc1-768x327.webp 768w\" sizes=\"(max-width: 800px) 100vw, 800px\" \/>\t\t\t\t\t\t\t\t\t\t\t\t\t\t\t<\/div>\n\t\t\t\t<div class=\"elementor-element elementor-element-4a9d7cb elementor-widget elementor-widget-heading\" data-id=\"4a9d7cb\" data-element_type=\"widget\" data-e-type=\"widget\" data-widget_type=\"heading.default\">\n\t\t\t\t\t<h2 class=\"elementor-heading-title elementor-size-default\">Tecnolog\u00eda e innovaci\u00f3n<\/h2>\t\t\t\t<\/div>\n\t\t\t\t<div class=\"elementor-element elementor-element-e865a40 elementor-widget elementor-widget-text-editor\" data-id=\"e865a40\" data-element_type=\"widget\" data-e-type=\"widget\" data-widget_type=\"text-editor.default\">\n\t\t\t\t\t\t\t\t\t<p>Asesoramos a empresas punteras y startups tecnol\u00f3gicas en asuntos que van desde la protecci\u00f3n de la propiedad intelectual y el cumplimiento de la normativa sobre privacidad de datos hasta la financiaci\u00f3n mediante capital riesgo y las transacciones transfronterizas. Nuestra experiencia jur\u00eddica respalda el r\u00e1pido ritmo de la innovaci\u00f3n, ayudando a los clientes a crecer de forma segura en un mundo cada vez m\u00e1s digital. <\/p>\t\t\t\t\t\t\t\t<\/div>\n\t\t\t\t<\/div>\n\t\t<div class=\"elementor-element elementor-element-88b9ce4 e-con-full e-flex e-con e-child\" data-id=\"88b9ce4\" data-element_type=\"container\" data-e-type=\"container\" data-settings=\"{&quot;background_background&quot;:&quot;classic&quot;}\">\n\t\t\t\t<div class=\"elementor-element elementor-element-5beddb5 elementor-widget elementor-widget-image\" data-id=\"5beddb5\" data-element_type=\"widget\" data-e-type=\"widget\" data-widget_type=\"image.default\">\n\t\t\t\t\t\t\t\t\t\t\t\t\t\t\t<img decoding=\"async\" width=\"800\" height=\"341\" src=\"https:\/\/cmbs-partners.com\/wp-content\/uploads\/2026\/01\/consumer-goods-695c0c71a57f9.webp\" class=\"attachment-large size-large wp-image-4207\" alt=\"\" srcset=\"https:\/\/cmbs-partners.com\/wp-content\/uploads\/2026\/01\/consumer-goods-695c0c71a57f9.webp 1000w, https:\/\/cmbs-partners.com\/wp-content\/uploads\/2026\/01\/consumer-goods-695c0c71a57f9-300x128.webp 300w, https:\/\/cmbs-partners.com\/wp-content\/uploads\/2026\/01\/consumer-goods-695c0c71a57f9-768x327.webp 768w\" sizes=\"(max-width: 800px) 100vw, 800px\" \/>\t\t\t\t\t\t\t\t\t\t\t\t\t\t\t<\/div>\n\t\t\t\t<div class=\"elementor-element elementor-element-201724d elementor-widget elementor-widget-heading\" data-id=\"201724d\" data-element_type=\"widget\" data-e-type=\"widget\" data-widget_type=\"heading.default\">\n\t\t\t\t\t<h2 class=\"elementor-heading-title elementor-size-default\">Bienes de consumo<\/h2>\t\t\t\t<\/div>\n\t\t\t\t<div class=\"elementor-element elementor-element-1807d9d elementor-widget elementor-widget-text-editor\" data-id=\"1807d9d\" data-element_type=\"widget\" data-e-type=\"widget\" data-widget_type=\"text-editor.default\">\n\t\t\t\t\t\t\t\t\t<p>Desde los contratos de la cadena de suministro hasta la responsabilidad por productos defectuosos y el cumplimiento normativo en materia de publicidad, ayudamos a las empresas de bienes de consumo a desenvolverse en el complejo panorama normativo y comercial. Nuestro equipo colabora con fabricantes, distribuidores y minoristas para gestionar los riesgos jur\u00eddicos, al tiempo que se mantiene la confianza de los consumidores y la integridad de la marca. <\/p>\t\t\t\t\t\t\t\t<\/div>\n\t\t\t\t<\/div>\n\t\t<div class=\"elementor-element elementor-element-358d838 e-con-full e-flex e-con e-child\" data-id=\"358d838\" data-element_type=\"container\" data-e-type=\"container\" data-settings=\"{&quot;background_background&quot;:&quot;classic&quot;}\">\n\t\t\t\t<div class=\"elementor-element elementor-element-c3e10de elementor-widget elementor-widget-image\" data-id=\"c3e10de\" data-element_type=\"widget\" data-e-type=\"widget\" data-widget_type=\"image.default\">\n\t\t\t\t\t\t\t\t\t\t\t\t\t\t\t<img decoding=\"async\" width=\"800\" height=\"341\" src=\"https:\/\/cmbs-partners.com\/wp-content\/uploads\/2026\/01\/logistics-and-infrastructure-695c0c7756ed4.webp\" class=\"attachment-large size-large wp-image-4208\" alt=\"\" srcset=\"https:\/\/cmbs-partners.com\/wp-content\/uploads\/2026\/01\/logistics-and-infrastructure-695c0c7756ed4.webp 1000w, https:\/\/cmbs-partners.com\/wp-content\/uploads\/2026\/01\/logistics-and-infrastructure-695c0c7756ed4-300x128.webp 300w, https:\/\/cmbs-partners.com\/wp-content\/uploads\/2026\/01\/logistics-and-infrastructure-695c0c7756ed4-768x327.webp 768w\" sizes=\"(max-width: 800px) 100vw, 800px\" \/>\t\t\t\t\t\t\t\t\t\t\t\t\t\t\t<\/div>\n\t\t\t\t<div class=\"elementor-element elementor-element-1ff610d elementor-widget elementor-widget-heading\" data-id=\"1ff610d\" data-element_type=\"widget\" data-e-type=\"widget\" data-widget_type=\"heading.default\">\n\t\t\t\t\t<h2 class=\"elementor-heading-title elementor-size-default\">Log\u00edstica e infraestructura<\/h2>\t\t\t\t<\/div>\n\t\t\t\t<div class=\"elementor-element elementor-element-7ae7d64 elementor-widget elementor-widget-text-editor\" data-id=\"7ae7d64\" data-element_type=\"widget\" data-e-type=\"widget\" data-widget_type=\"text-editor.default\">\n\t\t\t\t\t\t\t\t\t<p>Ofrecemos asesoramiento jur\u00eddico para grandes proyectos de infraestructura, log\u00edstica del transporte y gesti\u00f3n de la cadena de suministro. Nuestro equipo presta asesoramiento en materia de financiaci\u00f3n de proyectos, colaboraciones p\u00fablico-privadas (CPP), contrataci\u00f3n p\u00fablica y marcos normativos transfronterizos, garantizando la seguridad jur\u00eddica en iniciativas complejas y de gran valor. <\/p>\t\t\t\t\t\t\t\t<\/div>\n\t\t\t\t<\/div>\n\t\t<div class=\"elementor-element elementor-element-a1e2ac9 e-con-full e-flex e-con e-child\" data-id=\"a1e2ac9\" data-element_type=\"container\" data-e-type=\"container\" data-settings=\"{&quot;background_background&quot;:&quot;classic&quot;}\">\n\t\t\t\t<div class=\"elementor-element elementor-element-7080a83 elementor-widget elementor-widget-image\" data-id=\"7080a83\" data-element_type=\"widget\" data-e-type=\"widget\" data-widget_type=\"image.default\">\n\t\t\t\t\t\t\t\t\t\t\t\t\t\t\t<img loading=\"lazy\" decoding=\"async\" width=\"800\" height=\"341\" src=\"https:\/\/cmbs-partners.com\/wp-content\/uploads\/2026\/01\/energy-and-natural-resources-695c0c717dcee.webp\" class=\"attachment-large size-large wp-image-4209\" alt=\"\" srcset=\"https:\/\/cmbs-partners.com\/wp-content\/uploads\/2026\/01\/energy-and-natural-resources-695c0c717dcee.webp 1000w, https:\/\/cmbs-partners.com\/wp-content\/uploads\/2026\/01\/energy-and-natural-resources-695c0c717dcee-300x128.webp 300w, https:\/\/cmbs-partners.com\/wp-content\/uploads\/2026\/01\/energy-and-natural-resources-695c0c717dcee-768x327.webp 768w\" sizes=\"(max-width: 800px) 100vw, 800px\" \/>\t\t\t\t\t\t\t\t\t\t\t\t\t\t\t<\/div>\n\t\t\t\t<div class=\"elementor-element elementor-element-d02f520 elementor-widget elementor-widget-heading\" data-id=\"d02f520\" data-element_type=\"widget\" data-e-type=\"widget\" data-widget_type=\"heading.default\">\n\t\t\t\t\t<h2 class=\"elementor-heading-title elementor-size-default\">Energ\u00eda y recursos naturales<\/h2>\t\t\t\t<\/div>\n\t\t\t\t<div class=\"elementor-element elementor-element-8d12bde elementor-widget elementor-widget-text-editor\" data-id=\"8d12bde\" data-element_type=\"widget\" data-e-type=\"widget\" data-widget_type=\"text-editor.default\">\n\t\t\t\t\t\t\t\t\t<p>Gracias a nuestro profundo conocimiento del sector energ\u00e9tico, asesoramos a clientes del \u00e1mbito del petr\u00f3leo y el gas, las energ\u00edas renovables y los servicios p\u00fablicos en todo tipo de asuntos, desde la obtenci\u00f3n de licencias y el cumplimiento normativo hasta las empresas conjuntas y el derecho medioambiental. Apoyamos el desarrollo sostenible y el crecimiento estrat\u00e9gico en este sector tan regulado. <\/p>\t\t\t\t\t\t\t\t<\/div>\n\t\t\t\t<\/div>\n\t\t<div class=\"elementor-element elementor-element-9df8d1b e-con-full e-flex e-con e-child\" data-id=\"9df8d1b\" data-element_type=\"container\" data-e-type=\"container\" data-settings=\"{&quot;background_background&quot;:&quot;classic&quot;}\">\n\t\t\t\t<div class=\"elementor-element elementor-element-a8ff697 elementor-widget elementor-widget-image\" data-id=\"a8ff697\" data-element_type=\"widget\" data-e-type=\"widget\" data-widget_type=\"image.default\">\n\t\t\t\t\t\t\t\t\t\t\t\t\t\t\t<img loading=\"lazy\" decoding=\"async\" width=\"800\" height=\"341\" src=\"https:\/\/cmbs-partners.com\/wp-content\/uploads\/2026\/01\/mining-695c0c7fd271e.webp\" class=\"attachment-large size-large wp-image-4210\" alt=\"\" srcset=\"https:\/\/cmbs-partners.com\/wp-content\/uploads\/2026\/01\/mining-695c0c7fd271e.webp 1000w, https:\/\/cmbs-partners.com\/wp-content\/uploads\/2026\/01\/mining-695c0c7fd271e-300x128.webp 300w, https:\/\/cmbs-partners.com\/wp-content\/uploads\/2026\/01\/mining-695c0c7fd271e-768x327.webp 768w\" sizes=\"(max-width: 800px) 100vw, 800px\" \/>\t\t\t\t\t\t\t\t\t\t\t\t\t\t\t<\/div>\n\t\t\t\t<div class=\"elementor-element elementor-element-34228fc elementor-widget elementor-widget-heading\" data-id=\"34228fc\" data-element_type=\"widget\" data-e-type=\"widget\" data-widget_type=\"heading.default\">\n\t\t\t\t\t<h2 class=\"elementor-heading-title elementor-size-default\">Miner\u00eda<\/h2>\t\t\t\t<\/div>\n\t\t\t\t<div class=\"elementor-element elementor-element-5b817d1 elementor-widget elementor-widget-text-editor\" data-id=\"5b817d1\" data-element_type=\"widget\" data-e-type=\"widget\" data-widget_type=\"text-editor.default\">\n\t\t\t\t\t\t\t\t\t<p>Nuestro despacho representa a empresas mineras en todas las fases del ciclo de vida de los proyectos: exploraci\u00f3n, obtenci\u00f3n de permisos, operaciones y cierre. Le asesoramos en materia de derechos de uso del suelo, cumplimiento de la normativa medioambiental, acuerdos con la comunidad y negociaciones con las autoridades, garantizando que sus proyectos se desarrollen de forma legal y \u00e9tica. <\/p>\t\t\t\t\t\t\t\t<\/div>\n\t\t\t\t<\/div>\n\t\t<div class=\"elementor-element elementor-element-d1671f5 e-con-full e-flex e-con e-child\" data-id=\"d1671f5\" data-element_type=\"container\" data-e-type=\"container\" data-settings=\"{&quot;background_background&quot;:&quot;classic&quot;}\">\n\t\t\t\t<div class=\"elementor-element elementor-element-681170f elementor-widget elementor-widget-image\" data-id=\"681170f\" data-element_type=\"widget\" data-e-type=\"widget\" data-widget_type=\"image.default\">\n\t\t\t\t\t\t\t\t\t\t\t\t\t\t\t<img loading=\"lazy\" decoding=\"async\" width=\"800\" height=\"341\" src=\"https:\/\/cmbs-partners.com\/wp-content\/uploads\/2026\/01\/industrial-and-manufacturing-695c0c7763dda.webp\" class=\"attachment-large size-large wp-image-4211\" alt=\"\" srcset=\"https:\/\/cmbs-partners.com\/wp-content\/uploads\/2026\/01\/industrial-and-manufacturing-695c0c7763dda.webp 1000w, https:\/\/cmbs-partners.com\/wp-content\/uploads\/2026\/01\/industrial-and-manufacturing-695c0c7763dda-300x128.webp 300w, https:\/\/cmbs-partners.com\/wp-content\/uploads\/2026\/01\/industrial-and-manufacturing-695c0c7763dda-768x327.webp 768w\" sizes=\"(max-width: 800px) 100vw, 800px\" \/>\t\t\t\t\t\t\t\t\t\t\t\t\t\t\t<\/div>\n\t\t\t\t<div class=\"elementor-element elementor-element-0d5298f elementor-widget elementor-widget-heading\" data-id=\"0d5298f\" data-element_type=\"widget\" data-e-type=\"widget\" data-widget_type=\"heading.default\">\n\t\t\t\t\t<h2 class=\"elementor-heading-title elementor-size-default\">Industria y fabricaci\u00f3n<\/h2>\t\t\t\t<\/div>\n\t\t\t\t<div class=\"elementor-element elementor-element-a0bdec1 elementor-widget elementor-widget-text-editor\" data-id=\"a0bdec1\" data-element_type=\"widget\" data-e-type=\"widget\" data-widget_type=\"text-editor.default\">\n\t\t\t\t\t\t\t\t\t<p>Ofrecemos apoyo a las empresas industriales mediante asesoramiento jur\u00eddico en materia de contratos comerciales, cumplimiento normativo, derecho laboral y comercio internacional. Tanto si opera a nivel local como si se est\u00e1 expandiendo a escala mundial, ayudamos a nuestros clientes del sector manufacturero a gestionar las complejas cadenas de suministro y los riesgos operativos. <\/p>\t\t\t\t\t\t\t\t<\/div>\n\t\t\t\t<\/div>\n\t\t\t\t<\/div>\n\t\t\t\t<\/div>\n\t\t","protected":false},"excerpt":{"rendered":"<p>Sectores Tecnolog\u00eda e innovaci\u00f3n Asesoramos a empresas punteras y startups tecnol\u00f3gicas en asuntos que van desde la protecci\u00f3n de la propiedad intelectual y el cumplimiento de la normativa sobre privacidad de datos hasta la financiaci\u00f3n mediante capital riesgo y las transacciones transfronterizas. Nuestra experiencia jur\u00eddica respalda el r\u00e1pido ritmo de la innovaci\u00f3n, ayudando a los [&hellip;]<\/p>\n","protected":false},"author":2,"featured_media":0,"parent":0,"menu_order":0,"comment_status":"closed","ping_status":"closed","template":"elementor_canvas","meta":{"footnotes":""},"class_list":["post-4560","page","type-page","status-publish","hentry"],"_links":{"self":[{"href":"https:\/\/cmbs-partners.com\/es\/wp-json\/wp\/v2\/pages\/4560","targetHints":{"allow":["GET"]}}],"collection":[{"href":"https:\/\/cmbs-partners.com\/es\/wp-json\/wp\/v2\/pages"}],"about":[{"href":"https:\/\/cmbs-partners.com\/es\/wp-json\/wp\/v2\/types\/page"}],"author":[{"embeddable":true,"href":"https:\/\/cmbs-partners.com\/es\/wp-json\/wp\/v2\/users\/2"}],"replies":[{"embeddable":true,"href":"https:\/\/cmbs-partners.com\/es\/wp-json\/wp\/v2\/comments?post=4560"}],"version-history":[{"count":1,"href":"https:\/\/cmbs-partners.com\/es\/wp-json\/wp\/v2\/pages\/4560\/revisions"}],"predecessor-version":[{"id":4561,"href":"https:\/\/cmbs-partners.com\/es\/wp-json\/wp\/v2\/pages\/4560\/revisions\/4561"}],"wp:attachment":[{"href":"https:\/\/cmbs-partners.com\/es\/wp-json\/wp\/v2\/media?parent=4560"}],"curies":[{"name":"wp","href":"https:\/\/api.w.org\/{rel}","templated":true}]}}