{"id":6054,"date":"2026-05-05T15:26:21","date_gmt":"2026-05-05T15:26:21","guid":{"rendered":"https:\/\/cmbs-partners.com\/alerta-de-fraude\/"},"modified":"2026-05-07T12:36:24","modified_gmt":"2026-05-07T12:36:24","slug":"alerta-de-fraude","status":"publish","type":"page","link":"https:\/\/cmbs-partners.com\/es\/alerta-de-fraude\/","title":{"rendered":"Alerta de fraude"},"content":{"rendered":"\t\t<div data-elementor-type=\"wp-post\" data-elementor-id=\"6054\" class=\"elementor elementor-6054 elementor-5976\" data-elementor-post-type=\"page\">\n\t\t\t\t<div class=\"elementor-element elementor-element-98e4c53 e-flex e-con-boxed e-con e-parent\" data-id=\"98e4c53\" data-element_type=\"container\" data-e-type=\"container\" data-settings=\"{&quot;background_background&quot;:&quot;classic&quot;}\">\n\t\t\t\t\t<div class=\"e-con-inner\">\n\t\t\t\t<div class=\"elementor-element elementor-element-4acf7f0 elementor-invisible elementor-widget elementor-widget-heading\" data-id=\"4acf7f0\" data-element_type=\"widget\" data-e-type=\"widget\" data-settings=\"{&quot;_animation&quot;:&quot;fadeInUp&quot;}\" data-widget_type=\"heading.default\">\n\t\t\t\t\t<h1 class=\"elementor-heading-title elementor-size-default\">Alerta de fraude<\/h1>\t\t\t\t<\/div>\n\t\t\t\t\t<\/div>\n\t\t\t\t<\/div>\n\t\t<div class=\"elementor-element elementor-element-b797870 e-con-full e-flex e-con e-parent\" data-id=\"b797870\" data-element_type=\"container\" data-e-type=\"container\" data-settings=\"{&quot;background_background&quot;:&quot;classic&quot;}\">\n\t\t\t\t<div class=\"elementor-element elementor-element-50cc5ed elementor-widget__width-initial elementor-widget elementor-widget-text-editor\" data-id=\"50cc5ed\" data-element_type=\"widget\" data-e-type=\"widget\" data-widget_type=\"text-editor.default\">\n\t\t\t\t\t\t\t\t\t<p>CMBS Partners FZ LLE se compromete a proteger a sus clientes y al p\u00fablico en general contra el fraude.<\/p><ul><li>No solicitamos informaci\u00f3n financiera confidencial por correo electr\u00f3nico.<\/li><li>Las comunicaciones oficiales solo se enviar\u00e1n desde dominios autorizados de la empresa.<\/li><li>Si recibe alguna comunicaci\u00f3n sospechosa que afirme proceder de CMBS Partners FZ LLE, no responda.<\/li><\/ul><p>Si sospecha de un caso de fraude, por favor, comun\u00edquelo a: info@cmbs-partners.com<\/p>\t\t\t\t\t\t\t\t<\/div>\n\t\t\t\t<\/div>\n\t\t\t\t<\/div>\n\t\t","protected":false},"excerpt":{"rendered":"<p>Alerta de fraude CMBS Partners FZ LLE se compromete a proteger a sus clientes y al p\u00fablico en general contra el fraude. No solicitamos informaci\u00f3n financiera confidencial por correo electr\u00f3nico. Las comunicaciones oficiales solo se enviar\u00e1n desde dominios autorizados de la empresa. Si recibe alguna comunicaci\u00f3n sospechosa que afirme proceder de CMBS Partners FZ LLE, [&hellip;]<\/p>\n","protected":false},"author":3,"featured_media":0,"parent":0,"menu_order":0,"comment_status":"closed","ping_status":"closed","template":"elementor_canvas","meta":{"footnotes":""},"class_list":["post-6054","page","type-page","status-publish","hentry"],"_links":{"self":[{"href":"https:\/\/cmbs-partners.com\/es\/wp-json\/wp\/v2\/pages\/6054","targetHints":{"allow":["GET"]}}],"collection":[{"href":"https:\/\/cmbs-partners.com\/es\/wp-json\/wp\/v2\/pages"}],"about":[{"href":"https:\/\/cmbs-partners.com\/es\/wp-json\/wp\/v2\/types\/page"}],"author":[{"embeddable":true,"href":"https:\/\/cmbs-partners.com\/es\/wp-json\/wp\/v2\/users\/3"}],"replies":[{"embeddable":true,"href":"https:\/\/cmbs-partners.com\/es\/wp-json\/wp\/v2\/comments?post=6054"}],"version-history":[{"count":1,"href":"https:\/\/cmbs-partners.com\/es\/wp-json\/wp\/v2\/pages\/6054\/revisions"}],"predecessor-version":[{"id":6055,"href":"https:\/\/cmbs-partners.com\/es\/wp-json\/wp\/v2\/pages\/6054\/revisions\/6055"}],"wp:attachment":[{"href":"https:\/\/cmbs-partners.com\/es\/wp-json\/wp\/v2\/media?parent=6054"}],"curies":[{"name":"wp","href":"https:\/\/api.w.org\/{rel}","templated":true}]}}